{"id":257,"date":"2024-08-29T13:00:48","date_gmt":"2024-08-29T13:00:48","guid":{"rendered":"http:\/\/test.kriesi.at\/enfold-health-coach\/?page_id=257"},"modified":"2024-09-02T09:04:03","modified_gmt":"2024-09-02T09:04:03","slug":"services","status":"publish","type":"page","link":"https:\/\/uzima.ch\/index.php\/services\/","title":{"rendered":"Services"},"content":{"rendered":"<div id='welcome'  class='av-layout-grid-container av-68qett-a89dbc5e4a0586c68670d787c72263ec entry-content-wrapper main_color av-fixed-cells  avia-builder-el-0  el_before_av_section  avia-builder-el-first   container_wrap sidebar_right'  >\n\n<style type=\"text\/css\" data-created_by=\"avia_inline_auto\" id=\"style-css-av-63d6t5-df8bd259c069feb1f0f1e318dc031c71\">\n.flex_cell.av-63d6t5-df8bd259c069feb1f0f1e318dc031c71{\nvertical-align:top;\nheight:15px;\nmin-height:15px;\nbackground-color:#719430;\n}\n.responsive #top #wrap_all .flex_cell.av-63d6t5-df8bd259c069feb1f0f1e318dc031c71{\npadding:0px 0px 0px 0px !important;\n}\n<\/style>\n<div class='flex_cell av-63d6t5-df8bd259c069feb1f0f1e318dc031c71 av-gridrow-cell av_one_fourth no_margin  avia-builder-el-1  el_before_av_cell_one_fourth  avia-builder-el-first  content-align-top av-zero-padding'  ><div class='flex_cell_inner'><\/div><\/div>\n<style type=\"text\/css\" data-created_by=\"avia_inline_auto\" id=\"style-css-av-5xrb29-e7d97e9b74b52cccc2ab5036f0bb6fc9\">\n.flex_cell.av-5xrb29-e7d97e9b74b52cccc2ab5036f0bb6fc9{\nvertical-align:top;\nheight:15px;\nmin-height:15px;\nbackground-color:#92bb46;\n}\n.responsive #top #wrap_all .flex_cell.av-5xrb29-e7d97e9b74b52cccc2ab5036f0bb6fc9{\npadding:0px 0px 0px 0px !important;\n}\n<\/style>\n<div class='flex_cell av-5xrb29-e7d97e9b74b52cccc2ab5036f0bb6fc9 av-gridrow-cell av_one_fourth no_margin  avia-builder-el-2  el_after_av_cell_one_fourth  el_before_av_cell_one_fourth  content-align-top av-zero-padding'  ><div class='flex_cell_inner'><\/div><\/div>\n<style type=\"text\/css\" data-created_by=\"avia_inline_auto\" id=\"style-css-av-5qqndt-05bcc28dcd5291025bf19cee79fb2062\">\n.flex_cell.av-5qqndt-05bcc28dcd5291025bf19cee79fb2062{\nvertical-align:top;\nheight:15px;\nmin-height:15px;\nbackground-color:#acd464;\n}\n.responsive #top #wrap_all .flex_cell.av-5qqndt-05bcc28dcd5291025bf19cee79fb2062{\npadding:0px 0px 0px 0px !important;\n}\n<\/style>\n<div class='flex_cell av-5qqndt-05bcc28dcd5291025bf19cee79fb2062 av-gridrow-cell av_one_fourth no_margin  avia-builder-el-3  el_after_av_cell_one_fourth  el_before_av_cell_one_fourth  content-align-top av-zero-padding'  ><div class='flex_cell_inner'><\/div><\/div>\n<style type=\"text\/css\" data-created_by=\"avia_inline_auto\" id=\"style-css-av-5ljbk1-57ad6537b8fd25ed98519ab239f81699\">\n.flex_cell.av-5ljbk1-57ad6537b8fd25ed98519ab239f81699{\nvertical-align:top;\nheight:15px;\nmin-height:15px;\nbackground-color:#e1fbb2;\n}\n.responsive #top #wrap_all .flex_cell.av-5ljbk1-57ad6537b8fd25ed98519ab239f81699{\npadding:0px 0px 0px 0px !important;\n}\n<\/style>\n<div class='flex_cell av-5ljbk1-57ad6537b8fd25ed98519ab239f81699 av-gridrow-cell av_one_fourth no_margin  avia-builder-el-4  el_after_av_cell_one_fourth  avia-builder-el-last  content-align-top av-zero-padding'  ><div class='flex_cell_inner'><\/div><\/div>\n<\/div>\n<div id='av_section_1'  class='avia-section av-j4q6h-8499b218c874adb67bbe2e236f0a0d63 main_color avia-section-large avia-no-border-styling  avia-builder-el-5  el_after_av_layout_row  el_before_av_layout_row  avia-bg-style-scroll container_wrap sidebar_right'  ><div class='container av-section-cont-open' ><div class='template-page content  av-content-small alpha units'><div class='post-entry post-entry-type-page post-entry-257'><div class='entry-content-wrapper clearfix'>\n\n<style type=\"text\/css\" data-created_by=\"avia_inline_auto\" id=\"style-css-av-55noup-347b15a54c74e78363e69cf40e62c431\">\n#top .av-special-heading.av-55noup-347b15a54c74e78363e69cf40e62c431{\npadding-bottom:20px;\nfont-size:50px;\n}\nbody .av-special-heading.av-55noup-347b15a54c74e78363e69cf40e62c431 .av-special-heading-tag .heading-char{\nfont-size:25px;\n}\n#top #wrap_all .av-special-heading.av-55noup-347b15a54c74e78363e69cf40e62c431 .av-special-heading-tag{\nfont-size:50px;\n}\n.av-special-heading.av-55noup-347b15a54c74e78363e69cf40e62c431 .av-subheading{\nfont-size:15px;\n}\n\n@media only screen and (min-width: 480px) and (max-width: 767px){ \n#top #wrap_all .av-special-heading.av-55noup-347b15a54c74e78363e69cf40e62c431 .av-special-heading-tag{\nfont-size:0.8em;\n}\n}\n\n@media only screen and (max-width: 479px){ \n#top #wrap_all .av-special-heading.av-55noup-347b15a54c74e78363e69cf40e62c431 .av-special-heading-tag{\nfont-size:0.8em;\n}\n}\n<\/style>\n<div  class='av-special-heading av-55noup-347b15a54c74e78363e69cf40e62c431 av-special-heading-h1 blockquote modern-quote modern-centered  avia-builder-el-6  el_before_av_hr  avia-builder-el-first  av-inherit-size'><h1 class='av-special-heading-tag '  itemprop=\"headline\"  >Was kann ich f\u00fcr <u>Dich<\/u> tun?<\/h1><div class=\"special-heading-border\"><div class=\"special-heading-inner-border\"><\/div><\/div><\/div>\n\n<style type=\"text\/css\" data-created_by=\"avia_inline_auto\" id=\"style-css-av-52hq89-a7de559cfbbaaa3c9548930aed949cb1\">\n#top .hr.hr-invisible.av-52hq89-a7de559cfbbaaa3c9548930aed949cb1{\nheight:50px;\n}\n<\/style>\n<div  class='hr av-52hq89-a7de559cfbbaaa3c9548930aed949cb1 hr-invisible  avia-builder-el-7  el_after_av_heading  el_before_av_masonry_entries  avia-builder-el-last '><span class='hr-inner '><span class=\"hr-inner-style\"><\/span><\/span><\/div>\n<div id='av-masonry-1' class='av-masonry av-ac8nt-746c7323129892de85dedfae061361cf noHover av-fixed-size av-large-gap av-hover-overlay-active av-masonry-animation-active av-masonry-col-3 av-caption-on-hover-hide av-caption-style-overlay av-masonry-entries ' data-post_id=\"257\"><div class=\"av-masonry-container isotope av-js-disabled\"><div class='av-masonry-entry isotope-item av-masonry-item-no-image '><\/div><a href=\"https:\/\/uzima.ch\/index.php\/portfolio-item\/wellbeing\/\"  id='av-masonry-1-item-365' data-av-masonry-item='365' class='av-masonry-entry isotope-item post-365 portfolio type-portfolio status-publish has-post-thumbnail hentry portfolio_entries-service  av-masonry-item-with-image av-grid-img' title=\"Wellbeing-Community\"   itemscope=\"itemscope\" itemtype=\"https:\/\/schema.org\/CreativeWork\" ><div class='av-inner-masonry-sizer'><\/div><figure class='av-inner-masonry main_color'><div class=\"av-masonry-outerimage-container\"><div class='av-masonry-image-container' style=\"background-image: url(https:\/\/uzima.ch\/wp-content\/uploads\/2024\/06\/uzima-klientin_reiselust-1-705x705.png);\"  title=\"Wellbeing-Community\" ><\/div><\/div><figcaption class='av-inner-masonry-content site-background'><div class='av-inner-masonry-content-pos'><div class='av-inner-masonry-content-pos-content'><div class='avia-arrow'><\/div><h3 class='av-masonry-entry-title entry-title '  itemprop=\"headline\" >Wellbeing<\/h3><\/div><\/div><\/figcaption><\/figure><\/a><!--end av-masonry entry--><a href=\"https:\/\/uzima.ch\/index.php\/portfolio-item\/vitalstoffe\/\"  id='av-masonry-1-item-364' data-av-masonry-item='364' class='av-masonry-entry isotope-item post-364 portfolio type-portfolio status-publish has-post-thumbnail hentry portfolio_entries-service  av-masonry-item-with-image av-grid-img' title=\"Ern\u00e4hrungskur-Schmetterling\"   itemscope=\"itemscope\" itemtype=\"https:\/\/schema.org\/CreativeWork\" ><div class='av-inner-masonry-sizer'><\/div><figure class='av-inner-masonry main_color'><div class=\"av-masonry-outerimage-container\"><div class='av-masonry-image-container' style=\"background-image: url(https:\/\/uzima.ch\/wp-content\/uploads\/2024\/06\/Ernaehrungskur.png);\"  title=\"Ern\u00e4hrungskur-Schmetterling\" ><\/div><\/div><figcaption class='av-inner-masonry-content site-background'><div class='av-inner-masonry-content-pos'><div class='av-inner-masonry-content-pos-content'><div class='avia-arrow'><\/div><h3 class='av-masonry-entry-title entry-title '  itemprop=\"headline\" >Vitalstoffe<\/h3><\/div><\/div><\/figcaption><\/figure><\/a><!--end av-masonry entry--><a href=\"https:\/\/uzima.ch\/index.php\/portfolio-item\/reise-buchen\/\"  id='av-masonry-1-item-363' data-av-masonry-item='363' class='av-masonry-entry isotope-item post-363 portfolio type-portfolio status-publish has-post-thumbnail hentry portfolio_entries-service  av-masonry-item-with-image av-grid-img' title=\"Reiseberatung-Bungalow\"   itemscope=\"itemscope\" itemtype=\"https:\/\/schema.org\/CreativeWork\" ><div class='av-inner-masonry-sizer'><\/div><figure class='av-inner-masonry main_color'><div class=\"av-masonry-outerimage-container\"><div class='av-masonry-image-container' style=\"background-image: url(https:\/\/uzima.ch\/wp-content\/uploads\/2016\/05\/Bungalow.jpg);\"  title=\"Reiseberatung-Bungalow\" ><\/div><\/div><figcaption class='av-inner-masonry-content site-background'><div class='av-inner-masonry-content-pos'><div class='av-inner-masonry-content-pos-content'><div class='avia-arrow'><\/div><h3 class='av-masonry-entry-title entry-title '  itemprop=\"headline\" >Reiseberatung<\/h3><\/div><\/div><\/figcaption><\/figure><\/a><!--end av-masonry entry--><\/div><\/div>\n<div  class='hr av-b0kfl-1aab14f31648323f192c0a9372374d14 hr-default  avia-builder-el-9  el_after_av_masonry_entries  el_before_av_one_third  avia-builder-el-first '><span class='hr-inner '><span class=\"hr-inner-style\"><\/span><\/span><\/div>\n\n<style type=\"text\/css\" data-created_by=\"avia_inline_auto\" id=\"style-css-av-1j4g0h-1dba9624c95470ac6849dbf536fc4cae\">\n.flex_column.av-1j4g0h-1dba9624c95470ac6849dbf536fc4cae{\nborder-radius:0px 0px 0px 0px;\npadding:0px 0px 0px 0px;\n}\n<\/style>\n<div  class='flex_column av-1j4g0h-1dba9624c95470ac6849dbf536fc4cae av_one_third  avia-builder-el-10  el_after_av_hr  el_before_av_one_third  first flex_column_div av-zero-column-padding  '     ><article  class='iconbox iconbox_left_content av-lxc4k5ck-5997431e8a384a1bb916ec0721514818  avia-builder-el-11  avia-builder-el-no-sibling '  itemscope=\"itemscope\" itemtype=\"https:\/\/schema.org\/CreativeWork\" ><div class='iconbox_icon heading-color avia-iconfont avia-font-entypo-fontello' data-av_icon='\ue80b' data-av_iconfont='entypo-fontello'  ><\/div><div class=\"iconbox_content\"><header class=\"entry-content-header\" aria-label=\"Icon: Wellbeing Events und Community\"><h3 class='iconbox_content_title '  itemprop=\"headline\" >Wellbeing Events und Community<\/h3><\/header><div class='iconbox_content_container '  itemprop=\"text\" ><p>In der passenden\u00a0<strong>Telegram-Gruppe<\/strong> bleibst Du auf dem Laufenden \u00fcber wertvolle <strong>Events und Zoom-Calls<\/strong>. Verbringe wertvolle Zeit in einer bereichernden Gemeinschaft mit spannenden Themen mit gleichgesinnten TeilnehmerInnen aus der <strong>Region Ostschweiz <\/strong>und weiter.<\/p>\n<\/div><\/div><footer class=\"entry-footer\"><\/footer><\/article><\/div>\n<style type=\"text\/css\" data-created_by=\"avia_inline_auto\" id=\"style-css-av-4vyax-cb5b3bb6b6ec8d44add01adf8bff66ec\">\n.flex_column.av-4vyax-cb5b3bb6b6ec8d44add01adf8bff66ec{\nborder-radius:0px 0px 0px 0px;\npadding:0px 0px 0px 0px;\n}\n<\/style>\n<div  class='flex_column av-4vyax-cb5b3bb6b6ec8d44add01adf8bff66ec av_one_third  avia-builder-el-12  el_after_av_one_third  el_before_av_one_third  flex_column_div av-zero-column-padding  '     ><article  class='iconbox iconbox_left_content av-lxc4ha21-9aa730a976c9dcee72d7cfd256f44c55  avia-builder-el-13  avia-builder-el-no-sibling '  itemscope=\"itemscope\" itemtype=\"https:\/\/schema.org\/CreativeWork\" ><div class='iconbox_icon heading-color avia-iconfont avia-font-lifestyles' data-av_icon='\uf10e' data-av_iconfont='lifestyles'  ><\/div><div class=\"iconbox_content\"><header class=\"entry-content-header\" aria-label=\"Icon: Vitalstoffe\"><h3 class='iconbox_content_title '  itemprop=\"headline\" >Vitalstoffe<\/h3><\/header><div class='iconbox_content_container '  itemprop=\"text\" ><p>Was ist das eigentlich und warum werden sie f\u00fcr ein gesundes Leben ben\u00f6tigt? Gesundheit ist die Basis f\u00fcr eine gute <strong>Lebensqualit\u00e4t<\/strong> welches Thema f\u00fcr Dich auch immer wichtig ist. <strong>Erfolg? Energie? Pers\u00f6nlichkeitsentfaltung? Leichtigkeit? Gemeinschaft? Geld? Charity?<\/strong> Nur wer gesund ist, hat die Energie und die M\u00f6glichkeit, die Dinge umzusetzen, die er\/sie sich vorgenommen hat in jedem Bereich des Lebens.<\/p>\n<p>Welches Thema interessiert Dich? Ideen dazu haben wir viele in unserem <strong>Gesundheitsnetzwerk<\/strong>.<\/p>\n<p>&#8218;Sorge Dich um Deinen K\u00f6rper &#8211; es ist der einzige Ort, den Du zum Leben hast&#8216;<\/p>\n<\/div><\/div><footer class=\"entry-footer\"><\/footer><\/article><\/div>\n<style type=\"text\/css\" data-created_by=\"avia_inline_auto\" id=\"style-css-av-4g4ux-640793d87c667406bafe185aca97c78c\">\n.flex_column.av-4g4ux-640793d87c667406bafe185aca97c78c{\nborder-radius:0px 0px 0px 0px;\npadding:0px 0px 0px 0px;\n}\n<\/style>\n<div  class='flex_column av-4g4ux-640793d87c667406bafe185aca97c78c av_one_third  avia-builder-el-14  el_after_av_one_third  avia-builder-el-last  flex_column_div av-zero-column-padding  '     ><article  class='iconbox iconbox_left_content av-lxc505jf-7906e6fc598c06d92b0dafb3d261dbc1  avia-builder-el-15  avia-builder-el-no-sibling '  itemscope=\"itemscope\" itemtype=\"https:\/\/schema.org\/CreativeWork\" ><div class='iconbox_icon heading-color avia-iconfont avia-font-entypo-fontello' data-av_icon='\ue8bc' data-av_iconfont='entypo-fontello'  ><\/div><div class=\"iconbox_content\"><header class=\"entry-content-header\" aria-label=\"Icon: Reise buchen\"><h3 class='iconbox_content_title '  itemprop=\"headline\" >Reise buchen<\/h3><\/header><div class='iconbox_content_container '  itemprop=\"text\" ><p>Gib mir v\u00f6llig unkompliziert Deine <strong>geplanten Reisedaten<\/strong> durch. So kann ich f\u00fcr Dich die Organisation Deiner Reise fr\u00fchzeitig einplanen. Bitte sende mir gleich danach auch den <strong>gescannten Reisepass per E-Mail<\/strong> zu (als Antwort auf die automatische Best\u00e4tigungs-E-Mail von Uzima sobald Du die Reisedaten eingegeben hast).<\/p>\n<\/div><\/div><footer class=\"entry-footer\"><\/footer><\/article><\/div><\/div><\/div><\/div><!-- close content main div --><\/div><\/div><div id='welcome'  class='av-layout-grid-container av-w11gh-0c48f3188dc25e3c0e74b13966f9c7e2 entry-content-wrapper main_color av-fixed-cells  avia-builder-el-16  el_after_av_section  avia-builder-el-last  grid-row-not-first  container_wrap sidebar_right'  >\n\n<style type=\"text\/css\" data-created_by=\"avia_inline_auto\" id=\"style-css-av-tm7op-9696bbb6cda101cae92ab585a17da2a5\">\n.flex_cell.av-tm7op-9696bbb6cda101cae92ab585a17da2a5{\nvertical-align:top;\nheight:15px;\nmin-height:15px;\nbackground-color:#719430;\n}\n.responsive #top #wrap_all .flex_cell.av-tm7op-9696bbb6cda101cae92ab585a17da2a5{\npadding:0px 0px 0px 0px !important;\n}\n<\/style>\n<div class='flex_cell av-tm7op-9696bbb6cda101cae92ab585a17da2a5 av-gridrow-cell av_one_fourth no_margin  avia-builder-el-17  el_before_av_cell_one_fourth  avia-builder-el-first  content-align-top av-zero-padding'  ><div class='flex_cell_inner'><\/div><\/div>\n<style type=\"text\/css\" data-created_by=\"avia_inline_auto\" id=\"style-css-av-l0hzt-89d253cfe448c2d08c26724445cf85c6\">\n.flex_cell.av-l0hzt-89d253cfe448c2d08c26724445cf85c6{\nvertical-align:top;\nheight:15px;\nmin-height:15px;\nbackground-color:#92bb46;\n}\n.responsive #top #wrap_all .flex_cell.av-l0hzt-89d253cfe448c2d08c26724445cf85c6{\npadding:0px 0px 0px 0px !important;\n}\n<\/style>\n<div class='flex_cell av-l0hzt-89d253cfe448c2d08c26724445cf85c6 av-gridrow-cell av_one_fourth no_margin  avia-builder-el-18  el_after_av_cell_one_fourth  el_before_av_cell_one_fourth  content-align-top av-zero-padding'  ><div class='flex_cell_inner'><\/div><\/div>\n<style type=\"text\/css\" data-created_by=\"avia_inline_auto\" id=\"style-css-av-h2z35-e247f58f4096f2f733c5015a9025a59b\">\n.flex_cell.av-h2z35-e247f58f4096f2f733c5015a9025a59b{\nvertical-align:top;\nheight:15px;\nmin-height:15px;\nbackground-color:#acd464;\n}\n.responsive #top #wrap_all .flex_cell.av-h2z35-e247f58f4096f2f733c5015a9025a59b{\npadding:0px 0px 0px 0px !important;\n}\n<\/style>\n<div class='flex_cell av-h2z35-e247f58f4096f2f733c5015a9025a59b av-gridrow-cell av_one_fourth no_margin  avia-builder-el-19  el_after_av_cell_one_fourth  el_before_av_cell_one_fourth  content-align-top av-zero-padding'  ><div class='flex_cell_inner'><\/div><\/div>\n<style type=\"text\/css\" data-created_by=\"avia_inline_auto\" id=\"style-css-av-ahgxl-d777b35288111ab5c6bc8d0ab820e133\">\n.flex_cell.av-ahgxl-d777b35288111ab5c6bc8d0ab820e133{\nvertical-align:top;\nheight:15px;\nmin-height:15px;\nbackground-color:#e1fbb2;\n}\n.responsive #top #wrap_all .flex_cell.av-ahgxl-d777b35288111ab5c6bc8d0ab820e133{\npadding:0px 0px 0px 0px !important;\n}\n<\/style>\n<div class='flex_cell av-ahgxl-d777b35288111ab5c6bc8d0ab820e133 av-gridrow-cell av_one_fourth no_margin  avia-builder-el-20  el_after_av_cell_one_fourth  avia-builder-el-last  content-align-top av-zero-padding'  ><div class='flex_cell_inner'><\/div><\/div>\n<\/div><\/p>\n","protected":false},"excerpt":{"rendered":"","protected":false},"author":1,"featured_media":0,"parent":0,"menu_order":0,"comment_status":"closed","ping_status":"closed","template":"","meta":{"footnotes":""},"class_list":["post-257","page","type-page","status-publish","hentry"],"_links":{"self":[{"href":"https:\/\/uzima.ch\/index.php\/wp-json\/wp\/v2\/pages\/257","targetHints":{"allow":["GET"]}}],"collection":[{"href":"https:\/\/uzima.ch\/index.php\/wp-json\/wp\/v2\/pages"}],"about":[{"href":"https:\/\/uzima.ch\/index.php\/wp-json\/wp\/v2\/types\/page"}],"author":[{"embeddable":true,"href":"https:\/\/uzima.ch\/index.php\/wp-json\/wp\/v2\/users\/1"}],"replies":[{"embeddable":true,"href":"https:\/\/uzima.ch\/index.php\/wp-json\/wp\/v2\/comments?post=257"}],"version-history":[{"count":68,"href":"https:\/\/uzima.ch\/index.php\/wp-json\/wp\/v2\/pages\/257\/revisions"}],"predecessor-version":[{"id":877,"href":"https:\/\/uzima.ch\/index.php\/wp-json\/wp\/v2\/pages\/257\/revisions\/877"}],"wp:attachment":[{"href":"https:\/\/uzima.ch\/index.php\/wp-json\/wp\/v2\/media?parent=257"}],"curies":[{"name":"wp","href":"https:\/\/api.w.org\/{rel}","templated":true}]}}